{"id":5749,"date":"2016-04-08T08:40:21","date_gmt":"2016-04-08T08:40:21","guid":{"rendered":"http:\/\/thim.staging.wpengine.com\/demo-vc-kindergarten\/?page_id=5749"},"modified":"2025-01-26T17:21:53","modified_gmt":"2025-01-26T17:21:53","slug":"home-university","status":"publish","type":"page","link":"https:\/\/maxifinca.com\/","title":{"rendered":"Home"},"content":{"rendered":"<p>[vc_row full_width=&#8221;stretch_row_content_no_spaces&#8221;][vc_column][rev_slider_vc alias=&#8221;slider-home&#8221;][\/vc_column][\/vc_row][vc_row disable_element=&#8221;yes&#8221; el_class=&#8221;thim-row-bg-border-top&#8221;][vc_column width=&#8221;1\/3&#8243; el_class=&#8221;thim-bg-green thim-bg-border-top&#8221;]<div class=\"thim-widget-icon-box\"><div class=\"wrapper-box-icon has_custom_image has_read_more text-left  \"  ><div class=\"smicon-box iconbox-top\"><div class=\"boxes-icon\" style=\"width: 61px;height: 61px;\"><span class=\"inner-icon\"><span class=\"icon icon-images\"><img loading=\"lazy\" decoding=\"async\" src=\"https:\/\/maxifinca.com\/wp-content\/uploads\/2016\/04\/user-icon.png\" alt=\"user-icon\" title=\"user-icon\"  width=\"61\" height=\"61\"><\/span><\/span><\/div><div class=\"content-inner\" ><div class=\"sc-heading article_heading\"><h3 class = \"heading__primary\" style=\"color: #ffffff;font-size: 24px; line-height: 24px;font-weight: 700;\">RESPONSABILIDAD SOCIAL EMPRESARIAL<\/h3><\/div><\/div><\/div><!--end smicon-box--><\/div><\/div>[\/vc_column][vc_column width=&#8221;1\/3&#8243; el_class=&#8221;thim-bg-yellow thim-bg-border-top&#8221;]<div class=\"thim-widget-icon-box\"><div class=\"wrapper-box-icon has_custom_image has_read_more text-left  \"  ><div class=\"smicon-box iconbox-top\"><div class=\"boxes-icon\" style=\"width: 61px;height: 61px;\"><span class=\"inner-icon\"><span class=\"icon icon-images\"><img loading=\"lazy\" decoding=\"async\" src=\"https:\/\/maxifinca.com\/wp-content\/uploads\/2016\/04\/user-icon.png\" alt=\"user-icon\" title=\"user-icon\"  width=\"61\" height=\"61\"><\/span><\/span><\/div><div class=\"content-inner\" ><div class=\"sc-heading article_heading\"><h3 class = \"heading__primary\" style=\"color: #ffffff;font-size: 24px; line-height: 24px;font-weight: 700;\">TRATO JUSTO CON EL AGRICULTOR<\/h3><\/div><\/div><\/div><!--end smicon-box--><\/div><\/div>[\/vc_column][vc_column width=&#8221;1\/3&#8243; el_class=&#8221;thim-bg-red thim-bg-border-top&#8221;]<div class=\"thim-widget-icon-box\"><div class=\"wrapper-box-icon has_custom_image has_read_more text-left  \"  ><div class=\"smicon-box iconbox-top\"><div class=\"boxes-icon\" style=\"width: 61px;height: 61px;\"><span class=\"inner-icon\"><span class=\"icon icon-images\"><img loading=\"lazy\" decoding=\"async\" src=\"https:\/\/maxifinca.com\/wp-content\/uploads\/2016\/04\/user-icon.png\" alt=\"user-icon\" title=\"user-icon\"  width=\"61\" height=\"61\"><\/span><\/span><\/div><div class=\"content-inner\" ><div class=\"sc-heading article_heading\"><h3 class = \"heading__primary\" style=\"color: #ffffff;font-size: 24px; line-height: 24px;font-weight: 700;\">TRANSPARENCIA<\/h3><\/div><\/div><\/div><!--end smicon-box--><\/div><\/div>[\/vc_column][\/vc_row][vc_row disable_element=&#8221;yes&#8221; css=&#8221;.vc_custom_1527809150605{margin-bottom: 95px !important;}&#8221;][vc_column width=&#8221;2\/3&#8243;][vc_row_inner][vc_column_inner]<div class=\"thim-widget-heading\"><div class=\"sc_heading   \"><h3 class=\"title\">QUIENES SOMOS?<\/h3><\/div><\/div>[\/vc_column_inner][\/vc_row_inner]<div class=\"thim-widget-icon-box\"><div class=\"wrapper-box-icon has_custom_image has_read_more text-left  \"  ><div class=\"smicon-box iconbox-left\"><div class=\"boxes-icon\" style=\"width: 370px;height: 370px;\"><span class=\"inner-icon\"><span class=\"icon icon-images\"><img loading=\"lazy\" decoding=\"async\" src=\"https:\/\/maxifinca.com\/wp-content\/uploads\/2018\/05\/cosecha.jpg\" alt=\"cosecha\" title=\"cosecha\"  width=\"640\" height=\"426\"><\/span><\/span><\/div><div class=\"content-inner\"  style=\"width: calc( 100% - 370px - 15px);\"><div class=\"desc-icon-box\"><div class=\"desc-content\" >Somos una empresa Colombiana dedicada a la comercializaci\u00f3n de productos agr\u00edcolas.<\/p>\n<p>Exportamos a nivel mundial frutas y productos de excelente calidad cumpliendo con los est\u00e1ndares requeridos internacionalmente a trav\u00e9s de alianzas estrat\u00e9gicas con agricultores Colombianos.<\/div><a class=\"smicon-read sc-btn\" target=\"_self\" href=\"http:\/\/maxifinca.com\/index.php\/nosotros\/\"  >Ver M\u00e1s<i class=\"fa fa-chevron-right\"><\/i><\/a><\/div><\/div><\/div><!--end smicon-box--><\/div><\/div>[\/vc_column][vc_column width=&#8221;1\/3&#8243;][vc_row_inner][vc_column_inner]<div class=\"thim-widget-heading\"><div class=\"sc_heading   \"><h3 class=\"title\">CANALES DE COMUNICACI\u00d3N<\/h3><\/div><\/div>[\/vc_column_inner][\/vc_row_inner][\/vc_column][\/vc_row][vc_row][vc_column width=&#8221;1\/6&#8243;][\/vc_column][vc_column width=&#8221;2\/3&#8243;][vc_column_text]<\/p>\n<div class=\"sc_heading\">\n<h3 class=\"title\" style=\"text-align: center;\">QUIENES SOMOS?<\/h3>\n<\/div>\n<p>Somos una empresa colombiana especializada en el empaque y exportaci\u00f3n de lim\u00f3n Tahit\u00ed, tanto convencional como org\u00e1nico. Nos distinguimos por nuestro firme compromiso con la calidad de nuestra fruta y por garantizar un <strong>abastecimiento continuo durante todo el a\u00f1o<\/strong>. Esto es posible gracias a nuestra estrecha colaboraci\u00f3n y los planes de asistencia t\u00e9cnica que implementamos con nuestros agricultores.<\/p>\n<p>Actualmente exportamos a Estados Unidos, Holanda, Espa\u00f1a y Chile, siendo el mayor exportador colombiano hacia este \u00faltimo mercado. Contamos con certificaci\u00f3n Global GAP &amp; Org\u00e1nico.[\/vc_column_text][\/vc_column][vc_column width=&#8221;1\/6&#8243;][\/vc_column][\/vc_row][vc_row full_width=&#8221;stretch_row&#8221; parallax=&#8221;content-moving&#8221; parallax_image=&#8221;7308&#8243; parallax_speed_bg=&#8221;2&#8243; el_class=&#8221;thim-bg-overlay text-center thim-becom-teacher-kindergarten&#8221; css=&#8221;.vc_custom_1529164216705{margin-bottom: 0px !important;padding-top: 90px !important;padding-bottom: 80px !important;}&#8221;][vc_column css=&#8221;.vc_custom_1471884803835{padding-top: 0px !important;}&#8221;][vc_row_inner][vc_column_inner]<div class=\"thim-widget-heading\"><div class=\"sc_heading   text-center\"><h3 style=\"color:#ffffff;\" class=\"title\">SOMOS ALIADOS DE MARCA PA\u00cdS<br \/>\nPRODUCTOS 100% COLOMBIANOS<\/h3><\/div><\/div>[\/vc_column_inner][\/vc_row_inner][vc_single_image image=&#8221;7309&#8243; alignment=&#8221;center&#8221; css=&#8221;.vc_custom_1529163968684{margin-top: -20px !important;}&#8221;][\/vc_column][\/vc_row][vc_row full_width=&#8221;stretch_row&#8221; parallax=&#8221;content-moving&#8221; parallax_image=&#8221;7155&#8243; parallax_speed_bg=&#8221;2&#8243; disable_element=&#8221;yes&#8221; el_class=&#8221;thim-bg-overlay text-center thim-becom-teacher-kindergarten&#8221; css=&#8221;.vc_custom_1528392418011{margin-bottom: 0px !important;padding-top: 125px !important;padding-bottom: 118px !important;}&#8221;][vc_column css=&#8221;.vc_custom_1471884803835{padding-top: 0px !important;}&#8221;][vc_row_inner][vc_column_inner]<div class=\"thim-widget-heading\"><div class=\"sc_heading   text-left\"><h3 style=\"color:#ffffff;\" class=\"title\">NUESTROS VALORES<\/h3><span style=\"background-color:#d8d8d8\" class=\"line\"><\/span><\/div><\/div>[\/vc_column_inner][\/vc_row_inner][vc_row_inner][vc_column_inner width=&#8221;1\/4&#8243;][vc_hoverbox primary_title=&#8221;Responsabilidad Social Empresarial&#8221; hover_title=&#8221;Responsabilidad Social Empresarial&#8221; shape=&#8221;round&#8221; css_animation=&#8221;fadeInUp&#8221;][\/vc_hoverbox][\/vc_column_inner][vc_column_inner width=&#8221;1\/4&#8243;][vc_hoverbox image=&#8221;7205&#8243; primary_title=&#8221;Trato Justo Con El Agricultor&#8221; hover_title=&#8221;Trato Justo Con El Agricultor&#8221; shape=&#8221;round&#8221; css_animation=&#8221;fadeInUp&#8221;][\/vc_hoverbox][\/vc_column_inner][vc_column_inner width=&#8221;1\/4&#8243;][vc_hoverbox primary_title=&#8221;Transparencia&#8221; hover_title=&#8221;Transparencia&#8221; shape=&#8221;round&#8221; css_animation=&#8221;fadeInUp&#8221;][\/vc_hoverbox][\/vc_column_inner][vc_column_inner width=&#8221;1\/4&#8243;][vc_hoverbox image=&#8221;7205&#8243; primary_title=&#8221;Ambientalmente Sostenible&#8221; hover_title=&#8221;Ambientalmente Sostenible&#8221; shape=&#8221;round&#8221; css_animation=&#8221;fadeInUp&#8221;][\/vc_hoverbox][\/vc_column_inner][\/vc_row_inner][\/vc_column][\/vc_row]<\/p>\n","protected":false},"excerpt":{"rendered":"<p>[vc_row full_width=&#8221;stretch_row_content_no_spaces&#8221;][vc_column][rev_slider_vc alias=&#8221;slider-home&#8221;][\/vc_column][\/vc_row][vc_row disable_element=&#8221;yes&#8221; el_class=&#8221;thim-row-bg-border-top&#8221;][vc_column width=&#8221;1\/3&#8243; el_class=&#8221;thim-bg-green thim-bg-border-top&#8221;][\/vc_column][vc_column width=&#8221;1\/3&#8243; el_class=&#8221;thim-bg-yellow thim-bg-border-top&#8221;][\/vc_column][vc_column width=&#8221;1\/3&#8243; el_class=&#8221;thim-bg-red thim-bg-border-top&#8221;][\/vc_column][\/vc_row][vc_row disable_element=&#8221;yes&#8221; css=&#8221;.vc_custom_1527809150605{margin-bottom: 95px !important;}&#8221;][vc_column width=&#8221;2\/3&#8243;][vc_row_inner][vc_column_inner][\/vc_column_inner][\/vc_row_inner][\/vc_column][vc_column width=&#8221;1\/3&#8243;][vc_row_inner][vc_column_inner][\/vc_column_inner][\/vc_row_inner][\/vc_column][\/vc_row][vc_row][vc_column width=&#8221;1\/6&#8243;][\/vc_column][vc_column width=&#8221;2\/3&#8243;][vc_column_text] QUIENES SOMOS? Somos una empresa colombiana especializada en el empaque y exportaci\u00f3n de lim\u00f3n Tahit\u00ed, tanto convencional como &hellip; <\/p>\n","protected":false},"author":4,"featured_media":0,"parent":0,"menu_order":0,"comment_status":"closed","ping_status":"closed","template":"page-templates\/homepage.php","meta":{"_bbp_topic_count":0,"_bbp_reply_count":0,"_bbp_total_topic_count":0,"_bbp_total_reply_count":0,"_bbp_voice_count":0,"_bbp_anonymous_reply_count":0,"_bbp_topic_count_hidden":0,"_bbp_reply_count_hidden":0,"_bbp_forum_subforum_count":0,"pmpro_default_level":"","footnotes":""},"class_list":["post-5749","page","type-page","status-publish","hentry","pmpro-has-access"],"_links":{"self":[{"href":"https:\/\/maxifinca.com\/index.php\/wp-json\/wp\/v2\/pages\/5749","targetHints":{"allow":["GET"]}}],"collection":[{"href":"https:\/\/maxifinca.com\/index.php\/wp-json\/wp\/v2\/pages"}],"about":[{"href":"https:\/\/maxifinca.com\/index.php\/wp-json\/wp\/v2\/types\/page"}],"author":[{"embeddable":true,"href":"https:\/\/maxifinca.com\/index.php\/wp-json\/wp\/v2\/users\/4"}],"replies":[{"embeddable":true,"href":"https:\/\/maxifinca.com\/index.php\/wp-json\/wp\/v2\/comments?post=5749"}],"version-history":[{"count":78,"href":"https:\/\/maxifinca.com\/index.php\/wp-json\/wp\/v2\/pages\/5749\/revisions"}],"predecessor-version":[{"id":7893,"href":"https:\/\/maxifinca.com\/index.php\/wp-json\/wp\/v2\/pages\/5749\/revisions\/7893"}],"wp:attachment":[{"href":"https:\/\/maxifinca.com\/index.php\/wp-json\/wp\/v2\/media?parent=5749"}],"curies":[{"name":"wp","href":"https:\/\/api.w.org\/{rel}","templated":true}]}}