{"id":8149,"date":"2025-08-05T03:12:52","date_gmt":"2025-08-05T03:12:52","guid":{"rendered":"https:\/\/maxifinca.com\/?page_id=8149"},"modified":"2025-08-05T03:12:52","modified_gmt":"2025-08-05T03:12:52","slug":"pqrs","status":"publish","type":"page","link":"https:\/\/maxifinca.com\/index.php\/pqrs\/","title":{"rendered":"PQRS"},"content":{"rendered":"\n<div class=\"wpcf7 no-js\" id=\"wpcf7-f8148-o1\" lang=\"es-CO\" dir=\"ltr\" data-wpcf7-id=\"8148\">\n<div class=\"screen-reader-response\"><p role=\"status\" aria-live=\"polite\" aria-atomic=\"true\"><\/p> <ul><\/ul><\/div>\n<form action=\"\/index.php\/wp-json\/wp\/v2\/pages\/8149#wpcf7-f8148-o1\" method=\"post\" class=\"wpcf7-form init\" aria-label=\"Formulario de contacto\" novalidate=\"novalidate\" data-status=\"init\">\n<fieldset class=\"hidden-fields-container\"><input type=\"hidden\" name=\"_wpcf7\" value=\"8148\" \/><input type=\"hidden\" name=\"_wpcf7_version\" value=\"6.1\" \/><input type=\"hidden\" name=\"_wpcf7_locale\" value=\"es_CO\" \/><input type=\"hidden\" name=\"_wpcf7_unit_tag\" value=\"wpcf7-f8148-o1\" \/><input type=\"hidden\" name=\"_wpcf7_container_post\" value=\"0\" \/><input type=\"hidden\" name=\"_wpcf7_posted_data_hash\" value=\"\" \/>\n<\/fieldset>\n<p><label> Nombre completo<br \/>\n<span class=\"wpcf7-form-control-wrap\" data-name=\"your-name\"><input size=\"40\" maxlength=\"400\" class=\"wpcf7-form-control wpcf7-text wpcf7-validates-as-required\" aria-required=\"true\" aria-invalid=\"false\" placeholder=\"Escribe tu nombre\" value=\"\" type=\"text\" name=\"your-name\" \/><\/span><br \/>\n<\/label>\n<\/p>\n<p><label> Correo electr\u00f3nico<br \/>\n<span class=\"wpcf7-form-control-wrap\" data-name=\"your-email\"><input size=\"40\" maxlength=\"400\" class=\"wpcf7-form-control wpcf7-email wpcf7-validates-as-required wpcf7-text wpcf7-validates-as-email\" aria-required=\"true\" aria-invalid=\"false\" placeholder=\"Tu correo\" value=\"\" type=\"email\" name=\"your-email\" \/><\/span><br \/>\n<\/label>\n<\/p>\n<p><label> Tipo de solicitud<br \/>\n<span class=\"wpcf7-form-control-wrap\" data-name=\"your-type\"><select class=\"wpcf7-form-control wpcf7-select wpcf7-validates-as-required\" aria-required=\"true\" aria-invalid=\"false\" name=\"your-type\"><option value=\"\">&#8212;Por favor, elige una opci\u00f3n&#8212;<\/option><option value=\"Petici\u00f3n\">Petici\u00f3n<\/option><option value=\"Queja\">Queja<\/option><option value=\"Reclamo\">Reclamo<\/option><option value=\"Sugerencia\">Sugerencia<\/option><\/select><\/span><br \/>\n<\/label>\n<\/p>\n<p><label> Asunto<br \/>\n<span class=\"wpcf7-form-control-wrap\" data-name=\"your-subject\"><input size=\"40\" maxlength=\"400\" class=\"wpcf7-form-control wpcf7-text\" aria-invalid=\"false\" placeholder=\"Ej: Problema con el servicio\" value=\"\" type=\"text\" name=\"your-subject\" \/><\/span><br \/>\n<\/label>\n<\/p>\n<p><label> Mensaje detallado<br \/>\n<span class=\"wpcf7-form-control-wrap\" data-name=\"your-message\"><textarea cols=\"40\" rows=\"10\" maxlength=\"2000\" class=\"wpcf7-form-control wpcf7-textarea wpcf7-validates-as-required\" aria-required=\"true\" aria-invalid=\"false\" placeholder=\"Escribe tu mensaje aqu\u00ed\" name=\"your-message\"><\/textarea><\/span><br \/>\n<\/label>\n<\/p>\n<p><input class=\"wpcf7-form-control wpcf7-submit has-spinner\" type=\"submit\" value=\"Enviar PQRS\" \/>\n<\/p><div class=\"wpcf7-response-output\" aria-hidden=\"true\"><\/div>\n<\/form>\n<\/div>\n","protected":false},"excerpt":{"rendered":"Nombre completo Correo electr\u00f3nico Tipo de solicitud &#8212;Por favor, elige una opci\u00f3n&#8212;Petici\u00f3nQuejaReclamoSugerencia Asunto Mensaje detallado","protected":false},"author":2,"featured_media":0,"parent":0,"menu_order":0,"comment_status":"closed","ping_status":"closed","template":"","meta":{"_bbp_topic_count":0,"_bbp_reply_count":0,"_bbp_total_topic_count":0,"_bbp_total_reply_count":0,"_bbp_voice_count":0,"_bbp_anonymous_reply_count":0,"_bbp_topic_count_hidden":0,"_bbp_reply_count_hidden":0,"_bbp_forum_subforum_count":0,"pmpro_default_level":"","footnotes":""},"class_list":["post-8149","page","type-page","status-publish","hentry","pmpro-has-access"],"_links":{"self":[{"href":"https:\/\/maxifinca.com\/index.php\/wp-json\/wp\/v2\/pages\/8149","targetHints":{"allow":["GET"]}}],"collection":[{"href":"https:\/\/maxifinca.com\/index.php\/wp-json\/wp\/v2\/pages"}],"about":[{"href":"https:\/\/maxifinca.com\/index.php\/wp-json\/wp\/v2\/types\/page"}],"author":[{"embeddable":true,"href":"https:\/\/maxifinca.com\/index.php\/wp-json\/wp\/v2\/users\/2"}],"replies":[{"embeddable":true,"href":"https:\/\/maxifinca.com\/index.php\/wp-json\/wp\/v2\/comments?post=8149"}],"version-history":[{"count":1,"href":"https:\/\/maxifinca.com\/index.php\/wp-json\/wp\/v2\/pages\/8149\/revisions"}],"predecessor-version":[{"id":8150,"href":"https:\/\/maxifinca.com\/index.php\/wp-json\/wp\/v2\/pages\/8149\/revisions\/8150"}],"wp:attachment":[{"href":"https:\/\/maxifinca.com\/index.php\/wp-json\/wp\/v2\/media?parent=8149"}],"curies":[{"name":"wp","href":"https:\/\/api.w.org\/{rel}","templated":true}]}}